{"id":752,"date":"2024-04-15T15:47:28","date_gmt":"2024-04-15T13:47:28","guid":{"rendered":"https:\/\/brennessel-ravensburg.de\/wordpress\/?page_id=752"},"modified":"2026-02-26T10:18:32","modified_gmt":"2026-02-26T09:18:32","slug":"aktuelles","status":"publish","type":"page","link":"https:\/\/brennessel-ravensburg.de\/wordpress\/aktuelles\/","title":{"rendered":"Aktuelles"},"content":{"rendered":"\t\t<div data-elementor-type=\"wp-page\" data-elementor-id=\"752\" class=\"elementor elementor-752\" data-elementor-post-type=\"page\">\n\t\t\t\t<div class=\"elementor-element elementor-element-707618d e-flex e-con-boxed e-con e-parent\" data-id=\"707618d\" data-element_type=\"container\" data-e-type=\"container\">\n\t\t\t\t\t<div class=\"e-con-inner\">\n\t\t\t\t<div class=\"elementor-element elementor-element-c9bbb02 elementor-widget elementor-widget-spacer\" data-id=\"c9bbb02\" data-element_type=\"widget\" data-e-type=\"widget\" data-widget_type=\"spacer.default\">\n\t\t\t\t<div class=\"elementor-widget-container\">\n\t\t\t\t\t\t\t<div class=\"elementor-spacer\">\n\t\t\t<div class=\"elementor-spacer-inner\"><\/div>\n\t\t<\/div>\n\t\t\t\t\t\t<\/div>\n\t\t\t\t<\/div>\n\t\t\t\t\t<\/div>\n\t\t\t\t<\/div>\n\t\t<div class=\"elementor-element elementor-element-6f3ca3e1 e-flex e-con-boxed e-con e-child\" data-id=\"6f3ca3e1\" data-element_type=\"container\" data-e-type=\"container\">\n\t\t\t\t\t<div class=\"e-con-inner\">\n\t\t\t\t<div class=\"elementor-element elementor-element-75337d48 elementor-invisible elementor-widget elementor-widget-elementskit-heading\" data-id=\"75337d48\" data-element_type=\"widget\" data-e-type=\"widget\" data-settings=\"{&quot;_animation&quot;:&quot;fadeInUp&quot;}\" data-widget_type=\"elementskit-heading.default\">\n\t\t\t\t<div class=\"elementor-widget-container\">\n\t\t\t\t\t<div class=\"ekit-wid-con\" ><div class=\"ekit-heading elementskit-section-title-wraper text_left   ekit_heading_tablet-   ekit_heading_mobile-\"><h2 class=\"ekit-heading--title elementskit-section-title \">Willkommen bei den Aktivit\u00e4ten der Brennessel!<\/h2><div class=\"ekit_heading_separetor_wraper ekit_heading_elementskit-border-divider ekit-dotted\"><div class=\"elementskit-border-divider ekit-dotted\"><\/div><\/div><\/div><\/div>\t\t\t\t<\/div>\n\t\t\t\t<\/div>\n\t\t\t\t<div class=\"elementor-element elementor-element-5e2e6c elementor-widget__width-initial elementor-widget elementor-widget-text-editor\" data-id=\"5e2e6c\" data-element_type=\"widget\" data-e-type=\"widget\" data-widget_type=\"text-editor.default\">\n\t\t\t\t<div class=\"elementor-widget-container\">\n\t\t\t\t\t\t\t\t\t<p>Bleiben Sie auf dem Laufenden mit den neuesten Nachrichten und Entwicklungen in unserem gemeinn\u00fctzigen Verein! Erfahren Sie mehr \u00fcber unsere Arbeit und wie wir gemeinsam positive Ver\u00e4nderungen in unserer Gemeinschaft bewirken.<\/p>\t\t\t\t\t\t\t\t<\/div>\n\t\t\t\t<\/div>\n\t\t\t\t\t<\/div>\n\t\t\t\t<\/div>\n\t\t<div class=\"elementor-element elementor-element-1e1dedf e-flex e-con-boxed e-con e-parent\" data-id=\"1e1dedf\" data-element_type=\"container\" data-e-type=\"container\">\n\t\t\t\t\t<div class=\"e-con-inner\">\n\t\t<div class=\"elementor-element elementor-element-1799f1f e-con-full e-flex e-con e-child\" data-id=\"1799f1f\" data-element_type=\"container\" data-e-type=\"container\">\n\t\t\t\t<div class=\"elementor-element elementor-element-2bdf8cf elementor-widget elementor-widget-image\" data-id=\"2bdf8cf\" data-element_type=\"widget\" data-e-type=\"widget\" data-widget_type=\"image.default\">\n\t\t\t\t<div class=\"elementor-widget-container\">\n\t\t\t\t\t\t\t\t\t\t\t\t\t\t\t<img fetchpriority=\"high\" decoding=\"async\" width=\"730\" height=\"1024\" src=\"https:\/\/brennessel-ravensburg.de\/wordpress\/wp-content\/uploads\/2026\/02\/Maedelsflohmarkt24927540-772a-4c32-ab61-0aa1ca4f1648-730x1024.jpeg\" class=\"attachment-large size-large wp-image-4156\" alt=\"\" srcset=\"https:\/\/brennessel-ravensburg.de\/wordpress\/wp-content\/uploads\/2026\/02\/Maedelsflohmarkt24927540-772a-4c32-ab61-0aa1ca4f1648-730x1024.jpeg 730w, https:\/\/brennessel-ravensburg.de\/wordpress\/wp-content\/uploads\/2026\/02\/Maedelsflohmarkt24927540-772a-4c32-ab61-0aa1ca4f1648-214x300.jpeg 214w, https:\/\/brennessel-ravensburg.de\/wordpress\/wp-content\/uploads\/2026\/02\/Maedelsflohmarkt24927540-772a-4c32-ab61-0aa1ca4f1648-768x1077.jpeg 768w, https:\/\/brennessel-ravensburg.de\/wordpress\/wp-content\/uploads\/2026\/02\/Maedelsflohmarkt24927540-772a-4c32-ab61-0aa1ca4f1648-1096x1536.jpeg 1096w, https:\/\/brennessel-ravensburg.de\/wordpress\/wp-content\/uploads\/2026\/02\/Maedelsflohmarkt24927540-772a-4c32-ab61-0aa1ca4f1648.jpeg 1264w\" sizes=\"(max-width: 730px) 100vw, 730px\" \/>\t\t\t\t\t\t\t\t\t\t\t\t\t\t\t<\/div>\n\t\t\t\t<\/div>\n\t\t\t\t<\/div>\n\t\t<div class=\"elementor-element elementor-element-f19cee2 e-con-full e-flex e-con e-child\" data-id=\"f19cee2\" data-element_type=\"container\" data-e-type=\"container\">\n\t\t\t\t<div class=\"elementor-element elementor-element-7a47d47 elementor-widget elementor-widget-heading\" data-id=\"7a47d47\" data-element_type=\"widget\" data-e-type=\"widget\" data-widget_type=\"heading.default\">\n\t\t\t\t<div class=\"elementor-widget-container\">\n\t\t\t\t\t<h2 class=\"elementor-heading-title elementor-size-default\">M\u00e4dels-Floh-Markt<\/h2>\t\t\t\t<\/div>\n\t\t\t\t<\/div>\n\t\t\t\t<div class=\"elementor-element elementor-element-6652d35 elementor-widget elementor-widget-text-editor\" data-id=\"6652d35\" data-element_type=\"widget\" data-e-type=\"widget\" data-widget_type=\"text-editor.default\">\n\t\t\t\t<div class=\"elementor-widget-container\">\n\t\t\t\t\t\t\t\t\t<strong>Samstag, 14.M\u00e4rz 2026<\/strong><br>18:00 Uhr bis 21:00 Uhr\t\t\t\t\t\t\t\t<\/div>\n\t\t\t\t<\/div>\n\t\t\t\t<div class=\"elementor-element elementor-element-df3161f elementor-widget elementor-widget-text-editor\" data-id=\"df3161f\" data-element_type=\"widget\" data-e-type=\"widget\" data-widget_type=\"text-editor.default\">\n\t\t\t\t<div class=\"elementor-widget-container\">\n\t\t\t\t\t\t\t\t\t<p>Alle &#8222;M\u00e4dels&#8220; d\u00fcrfen sich wieder auf den M\u00e4delsflohmarkt in der Turn- &amp; Festhalle Stafflangen freuen. Mit dem Erl\u00f6s wird unser Verein Brennessel unterst\u00fctzt. Daf\u00fcr sagen wir jetzt schon mal <strong>DANKE!!!!<\/strong><\/p>\t\t\t\t\t\t\t\t<\/div>\n\t\t\t\t<\/div>\n\t\t\t\t<\/div>\n\t\t\t\t\t<\/div>\n\t\t\t\t<\/div>\n\t\t<div class=\"elementor-element elementor-element-57ba1ec e-flex e-con-boxed e-con e-parent\" data-id=\"57ba1ec\" data-element_type=\"container\" data-e-type=\"container\">\n\t\t\t\t\t<div class=\"e-con-inner\">\n\t\t\t\t<div class=\"elementor-element elementor-element-de3a5e3 elementor-widget elementor-widget-qi_addons_for_elementor_timeline\" data-id=\"de3a5e3\" data-element_type=\"widget\" data-e-type=\"widget\" data-widget_type=\"qi_addons_for_elementor_timeline.default\">\n\t\t\t\t<div class=\"elementor-widget-container\">\n\t\t\t\t\t<div class=\"qodef-shortcode qodef-m qodef-qi-timeline qodef-timeline--vertical qodef-timeline-layout--vertical-side qodef-line--outside qodef-point--standard qodef-qi--has-appear\">\n\t<div class=\"qodef-e qodef-e-item elementor-repeater-item-1fd718e qodef-obverse\">\n\t<div class=\"qodef-e-line-holder\">\n\t\t<span class=\"qodef-e-line\"><\/span>\n\t<\/div>\n\t<div class=\"qodef-e-item-inner\">\n\t\t<div class=\"qodef-e-point-holder\">\n\t\t\t<div class=\"qodef-e-point\">\n\t\t\t\t\t\t\t<\/div>\n\t\t<\/div>\n\t\t<div class=\"qodef-e-item-content\">\n\t\t\t<div class=\"qodef-e-side-holder\">\n\t\t\t\t<div class=\"qodef-e-image\">\n\t<img decoding=\"async\" width=\"2560\" height=\"1440\" src=\"https:\/\/brennessel-ravensburg.de\/wordpress\/wp-content\/uploads\/2026\/02\/OBR-PHOTO-2026-02-15-06-59-30-scaled.jpg\" class=\"attachment-full size-full\" alt=\"\" srcset=\"https:\/\/brennessel-ravensburg.de\/wordpress\/wp-content\/uploads\/2026\/02\/OBR-PHOTO-2026-02-15-06-59-30-scaled.jpg 2560w, https:\/\/brennessel-ravensburg.de\/wordpress\/wp-content\/uploads\/2026\/02\/OBR-PHOTO-2026-02-15-06-59-30-300x169.jpg 300w, https:\/\/brennessel-ravensburg.de\/wordpress\/wp-content\/uploads\/2026\/02\/OBR-PHOTO-2026-02-15-06-59-30-1024x576.jpg 1024w, https:\/\/brennessel-ravensburg.de\/wordpress\/wp-content\/uploads\/2026\/02\/OBR-PHOTO-2026-02-15-06-59-30-768x432.jpg 768w, https:\/\/brennessel-ravensburg.de\/wordpress\/wp-content\/uploads\/2026\/02\/OBR-PHOTO-2026-02-15-06-59-30-1536x864.jpg 1536w, https:\/\/brennessel-ravensburg.de\/wordpress\/wp-content\/uploads\/2026\/02\/OBR-PHOTO-2026-02-15-06-59-30-2048x1152.jpg 2048w\" sizes=\"(max-width: 2560px) 100vw, 2560px\" \/><\/div>\n\t\t\t<\/div>\n\t\t\t<div class=\"qodef-e-content-holder\">\n\t\t\t\t\t<div class=\"qodef-e-date\">\n\t\t2026\t<\/div>\n\t\t\t\t\t\t<h4 class=\"qodef-e-title\">\n\t\tONE BILLION RISING\t\t<\/h4>\n\t\t\t\t\t\t<p class=\"qodef-e-text\">\n\t\tAuch in diesem Jahr war die &quot;One Billion Rising&quot;, bei der die Brennessel mitgewirkt hat, ein gro\u00dfer Erfolg. Vielen Dank an alle, die mitgewirkt haben!\t<\/p>\n\t\t\t\t<\/div>\n\t\t<\/div>\n\t<\/div>\n<\/div>\n<div class=\"qodef-e qodef-e-item elementor-repeater-item-1bbf660 qodef-reverse\">\n\t<div class=\"qodef-e-line-holder\">\n\t\t<span class=\"qodef-e-line\"><\/span>\n\t<\/div>\n\t<div class=\"qodef-e-item-inner\">\n\t\t<div class=\"qodef-e-point-holder\">\n\t\t\t<div class=\"qodef-e-point\">\n\t\t\t\t\t\t\t<\/div>\n\t\t<\/div>\n\t\t<div class=\"qodef-e-item-content\">\n\t\t\t<div class=\"qodef-e-side-holder\">\n\t\t\t\t<div class=\"qodef-e-image\">\n\t<img decoding=\"async\" width=\"525\" height=\"500\" src=\"https:\/\/brennessel-ravensburg.de\/wordpress\/wp-content\/uploads\/2025\/12\/Mitgliederkampagne-gruppe-2025-e1764838649725.jpg\" class=\"attachment-full size-full\" alt=\"Gruppenfoto Vorstand Brennessel\" \/><\/div>\n\t\t\t<\/div>\n\t\t\t<div class=\"qodef-e-content-holder\">\n\t\t\t\t\t<div class=\"qodef-e-date\">\n\t\t2025\t<\/div>\n\t\t\t\t\t\t<h4 class=\"qodef-e-title\">\n\t\tMitgliederkampagne\t\t<\/h4>\n\t\t\t\t\t\t<p class=\"qodef-e-text\">\n\t\tUnser Vorstand hatte gro\u00dfe Freude am Fotoshooting f\u00fcr unsere Mitgliederkampagne. Mit einem so professionellen Fotografen wie &quot;oespixx&quot; wurde es zu einem rundum gelungenen Erlebnis.\t<\/p>\n\t\t\t\t<\/div>\n\t\t<\/div>\n\t<\/div>\n<\/div>\n<div class=\"qodef-e qodef-e-item elementor-repeater-item-d2cfaf4 qodef-obverse\">\n\t<div class=\"qodef-e-line-holder\">\n\t\t<span class=\"qodef-e-line\"><\/span>\n\t<\/div>\n\t<div class=\"qodef-e-item-inner\">\n\t\t<div class=\"qodef-e-point-holder\">\n\t\t\t<div class=\"qodef-e-point\">\n\t\t\t\t\t\t\t<\/div>\n\t\t<\/div>\n\t\t<div class=\"qodef-e-item-content\">\n\t\t\t<div class=\"qodef-e-side-holder\">\n\t\t\t\t<div class=\"qodef-e-image\">\n\t<img loading=\"lazy\" decoding=\"async\" width=\"640\" height=\"548\" src=\"https:\/\/brennessel-ravensburg.de\/wordpress\/wp-content\/uploads\/2025\/04\/Mitgliederversammlung.jpg\" class=\"attachment-full size-full\" alt=\"\" srcset=\"https:\/\/brennessel-ravensburg.de\/wordpress\/wp-content\/uploads\/2025\/04\/Mitgliederversammlung.jpg 640w, https:\/\/brennessel-ravensburg.de\/wordpress\/wp-content\/uploads\/2025\/04\/Mitgliederversammlung-300x257.jpg 300w\" sizes=\"(max-width: 640px) 100vw, 640px\" \/><\/div>\n\t\t\t<\/div>\n\t\t\t<div class=\"qodef-e-content-holder\">\n\t\t\t\t\t<div class=\"qodef-e-date\">\n\t\t2025\t<\/div>\n\t\t\t\t\t\t<h4 class=\"qodef-e-title\">\n\t\tMitgliederversammllung\t\t<\/h4>\n\t\t\t\t\t\t<p class=\"qodef-e-text\">\n\t\tIm Gasthof Mohren fand die j\u00e4hrliche Mitgliederversammlung des Brennessel e.V. statt. Dabei wurde ein bedeutender Wechsel im Vorstand bekannt gegeben: Nach neun Jahren engagierter Leitung \u00fcbergab Johanne Rundel den Vorsitz an Silke Schaich.\t<\/p>\n\t\t\t\t<\/div>\n\t\t<\/div>\n\t<\/div>\n<\/div>\n<div class=\"qodef-e qodef-e-item elementor-repeater-item-3e26306 qodef-reverse\">\n\t<div class=\"qodef-e-line-holder\">\n\t\t<span class=\"qodef-e-line\"><\/span>\n\t<\/div>\n\t<div class=\"qodef-e-item-inner\">\n\t\t<div class=\"qodef-e-point-holder\">\n\t\t\t<div class=\"qodef-e-point\">\n\t\t\t\t\t\t\t<\/div>\n\t\t<\/div>\n\t\t<div class=\"qodef-e-item-content\">\n\t\t\t<div class=\"qodef-e-side-holder\">\n\t\t\t\t<div class=\"qodef-e-image\">\n\t<img loading=\"lazy\" decoding=\"async\" width=\"486\" height=\"500\" src=\"https:\/\/brennessel-ravensburg.de\/wordpress\/wp-content\/uploads\/2025\/03\/RAV-Dreh-e1764838693999.jpg\" class=\"attachment-full size-full\" alt=\"\" \/><\/div>\n\t\t\t<\/div>\n\t\t\t<div class=\"qodef-e-content-holder\">\n\t\t\t\t\t<div class=\"qodef-e-date\">\n\t\t2025\t<\/div>\n\t\t\t\t\t\t<h4 class=\"qodef-e-title\">\n\t\tKinowerbung Brennessel\t\t<\/h4>\n\t\t\t\t\t\t<p class=\"qodef-e-text\">\n\t\tRAV Medienagentur dreht einen Kinoclip \u00fcber die Brennessel. Danke an das tolle und herzliche Team f\u00fcr die Unterst\u00fctzung einer guten Sache!\t<\/p>\n\t\t\t\t<\/div>\n\t\t<\/div>\n\t<\/div>\n<\/div>\n<div class=\"qodef-e qodef-e-item elementor-repeater-item-52b7294 qodef-obverse\">\n\t<div class=\"qodef-e-line-holder\">\n\t\t<span class=\"qodef-e-line\"><\/span>\n\t<\/div>\n\t<div class=\"qodef-e-item-inner\">\n\t\t<div class=\"qodef-e-point-holder\">\n\t\t\t<div class=\"qodef-e-point\">\n\t\t\t\t\t\t\t<\/div>\n\t\t<\/div>\n\t\t<div class=\"qodef-e-item-content\">\n\t\t\t<div class=\"qodef-e-side-holder\">\n\t\t\t\t<div class=\"qodef-e-image\">\n\t<img loading=\"lazy\" decoding=\"async\" width=\"600\" height=\"473\" src=\"https:\/\/brennessel-ravensburg.de\/wordpress\/wp-content\/uploads\/2025\/02\/b1c893bd-6e38-4669-b71d-e36f1c35e862-e1739979526880.jpeg\" class=\"attachment-full size-full\" alt=\"\" srcset=\"https:\/\/brennessel-ravensburg.de\/wordpress\/wp-content\/uploads\/2025\/02\/b1c893bd-6e38-4669-b71d-e36f1c35e862-e1739979526880.jpeg 600w, https:\/\/brennessel-ravensburg.de\/wordpress\/wp-content\/uploads\/2025\/02\/b1c893bd-6e38-4669-b71d-e36f1c35e862-e1739979526880-300x237.jpeg 300w\" sizes=\"(max-width: 600px) 100vw, 600px\" \/><\/div>\n\t\t\t<\/div>\n\t\t\t<div class=\"qodef-e-content-holder\">\n\t\t\t\t\t<div class=\"qodef-e-date\">\n\t\t2025\t<\/div>\n\t\t\t\t\t\t<h4 class=\"qodef-e-title\">\n\t\tOne Billion Rising 2025 Biberach\t\t<\/h4>\n\t\t\t\t\t\t<p class=\"qodef-e-text\">\n\t\tMit einer Schuhinstallation mit 155 Paar Frauenschuhen wurde als Mahnung und in Gedenken an 155 Frauen erinnert, die im Jahr 2023 in Deutschland durch h\u00e4usliche Gewalt von ihrem Partner oder Ex-Partner get\u00f6tet wurden.\t<\/p>\n\t\t\t\t<\/div>\n\t\t<\/div>\n\t<\/div>\n<\/div>\n<div class=\"qodef-e qodef-e-item elementor-repeater-item-d904789 qodef-reverse\">\n\t<div class=\"qodef-e-line-holder\">\n\t\t<span class=\"qodef-e-line\"><\/span>\n\t<\/div>\n\t<div class=\"qodef-e-item-inner\">\n\t\t<div class=\"qodef-e-point-holder\">\n\t\t\t<div class=\"qodef-e-point\">\n\t\t\t\t\t\t\t<\/div>\n\t\t<\/div>\n\t\t<div class=\"qodef-e-item-content\">\n\t\t\t<div class=\"qodef-e-side-holder\">\n\t\t\t\t<div class=\"qodef-e-image\">\n\t<img loading=\"lazy\" decoding=\"async\" width=\"584\" height=\"500\" src=\"https:\/\/brennessel-ravensburg.de\/wordpress\/wp-content\/uploads\/2025\/02\/PHOTO-2025-02-14-18-19-44-e1764838730866.jpg\" class=\"attachment-full size-full\" alt=\"\" \/><\/div>\n\t\t\t<\/div>\n\t\t\t<div class=\"qodef-e-content-holder\">\n\t\t\t\t\t<div class=\"qodef-e-date\">\n\t\t2025\t<\/div>\n\t\t\t\t\t\t<h4 class=\"qodef-e-title\">\n\t\tDie Masche mit der Liebe\t\t<\/h4>\n\t\t\t\t\t\t<p class=\"qodef-e-text\">\n\t\tWie im letzten Jahr gab es wieder die Wanderausstellung zur Loverboy-Methode im Jugendhaus 9teen, Biberach\t<\/p>\n\t\t\t\t<\/div>\n\t\t<\/div>\n\t<\/div>\n<\/div>\n<div class=\"qodef-e qodef-e-item elementor-repeater-item-3935736 qodef-obverse\">\n\t<div class=\"qodef-e-line-holder\">\n\t\t<span class=\"qodef-e-line\"><\/span>\n\t<\/div>\n\t<div class=\"qodef-e-item-inner\">\n\t\t<div class=\"qodef-e-point-holder\">\n\t\t\t<div class=\"qodef-e-point\">\n\t\t\t\t\t\t\t<\/div>\n\t\t<\/div>\n\t\t<div class=\"qodef-e-item-content\">\n\t\t\t<div class=\"qodef-e-side-holder\">\n\t\t\t\t<div class=\"qodef-e-image\">\n\t<img loading=\"lazy\" decoding=\"async\" width=\"667\" height=\"500\" src=\"https:\/\/brennessel-ravensburg.de\/wordpress\/wp-content\/uploads\/2024\/11\/Jubilaeum-reden-ist-gold-sw-e1764838763833.jpg\" class=\"attachment-full size-full\" alt=\"Jubil\u00e4um Vorstellung\" \/><\/div>\n\t\t\t<\/div>\n\t\t\t<div class=\"qodef-e-content-holder\">\n\t\t\t\t\t<div class=\"qodef-e-date\">\n\t\t2024\t<\/div>\n\t\t\t\t\t\t<h4 class=\"qodef-e-title\">\n\t\tJubil\u00e4um Brennnessel\t\t<\/h4>\n\t\t\t\t\t\t<p class=\"qodef-e-text\">\n\t\tDie Brennnessel feierte ihr 30-j\u00e4hriges Jubil\u00e4um mit einem gro\u00dfartigen Erfolg. Inspirierende Redner, fantastische G\u00e4ste und ein vielseitiges Programm machten den Nachmittag zu einem unvergesslichen Erlebnis.\t<\/p>\n\t\t\t\t<\/div>\n\t\t<\/div>\n\t<\/div>\n<\/div>\n<\/div>\n\t\t\t\t<\/div>\n\t\t\t\t<\/div>\n\t\t\t\t\t<\/div>\n\t\t\t\t<\/div>\n\t\t<div class=\"elementor-element elementor-element-8bbc2bf e-flex e-con-boxed e-con e-parent\" data-id=\"8bbc2bf\" data-element_type=\"container\" data-e-type=\"container\">\n\t\t\t\t\t<div class=\"e-con-inner\">\n\t\t\t\t<div class=\"elementor-element elementor-element-feb0530 elementor-widget elementor-widget-spacer\" data-id=\"feb0530\" data-element_type=\"widget\" data-e-type=\"widget\" data-widget_type=\"spacer.default\">\n\t\t\t\t<div class=\"elementor-widget-container\">\n\t\t\t\t\t\t\t<div class=\"elementor-spacer\">\n\t\t\t<div class=\"elementor-spacer-inner\"><\/div>\n\t\t<\/div>\n\t\t\t\t\t\t<\/div>\n\t\t\t\t<\/div>\n\t\t\t\t\t<\/div>\n\t\t\t\t<\/div>\n\t\t\t\t<\/div>\n\t\t","protected":false},"excerpt":{"rendered":"<p>Willkommen bei den Aktivit\u00e4ten der Brennessel! Bleiben Sie auf dem Laufenden mit den neuesten Nachrichten und Entwicklungen in unserem gemeinn\u00fctzigen [&hellip;]<\/p>\n","protected":false},"author":2,"featured_media":0,"parent":0,"menu_order":0,"comment_status":"closed","ping_status":"closed","template":"","meta":{"site-sidebar-layout":"no-sidebar","site-content-layout":"","ast-site-content-layout":"full-width-container","site-content-style":"default","site-sidebar-style":"default","ast-global-header-display":"","ast-banner-title-visibility":"","ast-main-header-display":"","ast-hfb-above-header-display":"","ast-hfb-below-header-display":"","ast-hfb-mobile-header-display":"","site-post-title":"disabled","ast-breadcrumbs-content":"","ast-featured-img":"disabled","footer-sml-layout":"","ast-disable-related-posts":"","theme-transparent-header-meta":"","adv-header-id-meta":"","stick-header-meta":"","header-above-stick-meta":"","header-main-stick-meta":"","header-below-stick-meta":"","astra-migrate-meta-layouts":"default","ast-page-background-enabled":"default","ast-page-background-meta":{"desktop":{"background-color":"var(--ast-global-color-4)","background-image":"","background-repeat":"repeat","background-position":"center center","background-size":"auto","background-attachment":"scroll","background-type":"","background-media":"","overlay-type":"","overlay-color":"","overlay-opacity":"","overlay-gradient":""},"tablet":{"background-color":"","background-image":"","background-repeat":"repeat","background-position":"center center","background-size":"auto","background-attachment":"scroll","background-type":"","background-media":"","overlay-type":"","overlay-color":"","overlay-opacity":"","overlay-gradient":""},"mobile":{"background-color":"","background-image":"","background-repeat":"repeat","background-position":"center center","background-size":"auto","background-attachment":"scroll","background-type":"","background-media":"","overlay-type":"","overlay-color":"","overlay-opacity":"","overlay-gradient":""}},"ast-content-background-meta":{"desktop":{"background-color":"var(--ast-global-color-5)","background-image":"","background-repeat":"repeat","background-position":"center center","background-size":"auto","background-attachment":"scroll","background-type":"","background-media":"","overlay-type":"","overlay-color":"","overlay-opacity":"","overlay-gradient":""},"tablet":{"background-color":"var(--ast-global-color-5)","background-image":"","background-repeat":"repeat","background-position":"center center","background-size":"auto","background-attachment":"scroll","background-type":"","background-media":"","overlay-type":"","overlay-color":"","overlay-opacity":"","overlay-gradient":""},"mobile":{"background-color":"var(--ast-global-color-5)","background-image":"","background-repeat":"repeat","background-position":"center center","background-size":"auto","background-attachment":"scroll","background-type":"","background-media":"","overlay-type":"","overlay-color":"","overlay-opacity":"","overlay-gradient":""}},"footnotes":""},"class_list":["post-752","page","type-page","status-publish","hentry"],"_links":{"self":[{"href":"https:\/\/brennessel-ravensburg.de\/wordpress\/wp-json\/wp\/v2\/pages\/752","targetHints":{"allow":["GET"]}}],"collection":[{"href":"https:\/\/brennessel-ravensburg.de\/wordpress\/wp-json\/wp\/v2\/pages"}],"about":[{"href":"https:\/\/brennessel-ravensburg.de\/wordpress\/wp-json\/wp\/v2\/types\/page"}],"author":[{"embeddable":true,"href":"https:\/\/brennessel-ravensburg.de\/wordpress\/wp-json\/wp\/v2\/users\/2"}],"replies":[{"embeddable":true,"href":"https:\/\/brennessel-ravensburg.de\/wordpress\/wp-json\/wp\/v2\/comments?post=752"}],"version-history":[{"count":178,"href":"https:\/\/brennessel-ravensburg.de\/wordpress\/wp-json\/wp\/v2\/pages\/752\/revisions"}],"predecessor-version":[{"id":4164,"href":"https:\/\/brennessel-ravensburg.de\/wordpress\/wp-json\/wp\/v2\/pages\/752\/revisions\/4164"}],"wp:attachment":[{"href":"https:\/\/brennessel-ravensburg.de\/wordpress\/wp-json\/wp\/v2\/media?parent=752"}],"curies":[{"name":"wp","href":"https:\/\/api.w.org\/{rel}","templated":true}]}}