{"id":18,"date":"2024-02-12T17:38:01","date_gmt":"2024-02-12T16:38:01","guid":{"rendered":"https:\/\/brennessel-ravensburg.de\/wordpress\/?page_id=18"},"modified":"2026-03-17T15:09:46","modified_gmt":"2026-03-17T14:09:46","slug":"fachkraefte","status":"publish","type":"page","link":"https:\/\/brennessel-ravensburg.de\/wordpress\/fachkraefte\/","title":{"rendered":"Fachkr\u00e4fte"},"content":{"rendered":"\t\t<div data-elementor-type=\"wp-page\" data-elementor-id=\"18\" class=\"elementor elementor-18\" data-elementor-post-type=\"page\">\n\t\t\t\t<div class=\"elementor-element elementor-element-7f217c90 e-flex e-con-boxed e-con e-parent\" data-id=\"7f217c90\" data-element_type=\"container\" data-e-type=\"container\" data-settings=\"{&quot;background_background&quot;:&quot;classic&quot;}\">\n\t\t\t\t\t<div class=\"e-con-inner\">\n\t\t<div class=\"elementor-element elementor-element-6959c7d2 e-flex e-con-boxed e-con e-child\" data-id=\"6959c7d2\" data-element_type=\"container\" data-e-type=\"container\">\n\t\t\t\t\t<div class=\"e-con-inner\">\n\t\t\t\t<div class=\"elementor-element elementor-element-36c4eb95 elementor-invisible elementor-widget elementor-widget-heading\" data-id=\"36c4eb95\" data-element_type=\"widget\" data-e-type=\"widget\" data-settings=\"{&quot;_animation&quot;:&quot;fadeInUp&quot;}\" data-widget_type=\"heading.default\">\n\t\t\t\t<div class=\"elementor-widget-container\">\n\t\t\t\t\t<h2 class=\"elementor-heading-title elementor-size-default\">Fachkr\u00e4fte<\/h2>\t\t\t\t<\/div>\n\t\t\t\t<\/div>\n\t\t\t\t\t<\/div>\n\t\t\t\t<\/div>\n\t\t\t\t\t<\/div>\n\t\t\t\t<\/div>\n\t\t<div class=\"elementor-element elementor-element-44c7a0d e-flex e-con-boxed e-con e-parent\" data-id=\"44c7a0d\" data-element_type=\"container\" data-e-type=\"container\" data-settings=\"{&quot;background_background&quot;:&quot;classic&quot;}\">\n\t\t\t\t\t<div class=\"e-con-inner\">\n\t\t\t\t<div class=\"elementor-element elementor-element-f5ba899 elementor-widget elementor-widget-spacer\" data-id=\"f5ba899\" data-element_type=\"widget\" data-e-type=\"widget\" data-widget_type=\"spacer.default\">\n\t\t\t\t<div class=\"elementor-widget-container\">\n\t\t\t\t\t\t\t<div class=\"elementor-spacer\">\n\t\t\t<div class=\"elementor-spacer-inner\"><\/div>\n\t\t<\/div>\n\t\t\t\t\t\t<\/div>\n\t\t\t\t<\/div>\n\t\t\t\t\t<\/div>\n\t\t\t\t<\/div>\n\t\t<div class=\"elementor-element elementor-element-1f182927 e-flex e-con-boxed e-con e-parent\" data-id=\"1f182927\" data-element_type=\"container\" data-e-type=\"container\" data-settings=\"{&quot;background_background&quot;:&quot;classic&quot;}\">\n\t\t\t\t\t<div class=\"e-con-inner\">\n\t\t<div class=\"elementor-element elementor-element-1a9c0ced e-flex e-con-boxed e-con e-child\" data-id=\"1a9c0ced\" data-element_type=\"container\" data-e-type=\"container\">\n\t\t\t\t\t<div class=\"e-con-inner\">\n\t\t\t\t<div class=\"elementor-element elementor-element-b26ddab elementor-invisible elementor-widget elementor-widget-elementskit-heading\" data-id=\"b26ddab\" data-element_type=\"widget\" data-e-type=\"widget\" data-settings=\"{&quot;_animation&quot;:&quot;fadeInUp&quot;}\" data-widget_type=\"elementskit-heading.default\">\n\t\t\t\t<div class=\"elementor-widget-container\">\n\t\t\t\t\t<div class=\"ekit-wid-con\" ><div class=\"ekit-heading elementskit-section-title-wraper text_left   ekit_heading_tablet-   ekit_heading_mobile-\"><h2 class=\"ekit-heading--title elementskit-section-title \">Fachkr\u00e4fte, die sich Sorgen machen<\/h2><div class=\"ekit_heading_separetor_wraper ekit_heading_elementskit-border-divider ekit-dotted\"><div class=\"elementskit-border-divider ekit-dotted\"><\/div><\/div><\/div><\/div>\t\t\t\t<\/div>\n\t\t\t\t<\/div>\n\t\t\t\t<div class=\"elementor-element elementor-element-7c6112e1 elementor-widget elementor-widget-text-editor\" data-id=\"7c6112e1\" data-element_type=\"widget\" data-e-type=\"widget\" data-widget_type=\"text-editor.default\">\n\t\t\t\t<div class=\"elementor-widget-container\">\n\t\t\t\t\t\t\t\t\t<p>Unsicherheit ist h\u00e4ufig ein pr\u00e4gendes Gef\u00fchl bei p\u00e4dagogischen Fachkr\u00e4ften oder Ehrenamtlichen, wenn es um sexualisierte Gewalt an Kindern und Jugendlichen geht.<\/p><p>Sexualisierte Gewalt ist belastend: sowohl f\u00fcr die Betroffenen und deren Umfeld als auch die begleitenden Fachkr\u00e4fte oder ehrenamtlichen Mitarbeiter:innen<\/p>\t\t\t\t\t\t\t\t<\/div>\n\t\t\t\t<\/div>\n\t\t\t\t<div class=\"elementor-element elementor-element-53639e06 elementor-widget elementor-widget-text-editor\" data-id=\"53639e06\" data-element_type=\"widget\" data-e-type=\"widget\" data-widget_type=\"text-editor.default\">\n\t\t\t\t<div class=\"elementor-widget-container\">\n\t\t\t\t\t\t\t\t\t<ul><li>Wie kann ich erkennen, ob ein Kind betroffen ist?<\/li><li>Was darf\/kann\/muss ich dann tun?<\/li><li>Wie k\u00f6nnen wir Kinder und Jugendliche sch\u00fctzen? Vor sexuellen \u00dcbergriffen durch Erwachsene oder Gleichaltrige und vor Entwicklungen in den sozialen Medien, die viele Kinder und Jugendliche \u00fcberfordern?<\/li><li>Was k\u00f6nnen wir tun, um Kinder zu st\u00e4rken und sie darin zu unterst\u00fctzen, sich bei Bedarf Hilfe zu holen?<\/li><\/ul>\t\t\t\t\t\t\t\t<\/div>\n\t\t\t\t<\/div>\n\t\t\t\t<div class=\"elementor-element elementor-element-4242f702 elementor-widget elementor-widget-heading\" data-id=\"4242f702\" data-element_type=\"widget\" data-e-type=\"widget\" data-widget_type=\"heading.default\">\n\t\t\t\t<div class=\"elementor-widget-container\">\n\t\t\t\t\t<h2 class=\"elementor-heading-title elementor-size-default\">Wir bieten Ihnen Unterst\u00fctzung!<\/h2>\t\t\t\t<\/div>\n\t\t\t\t<\/div>\n\t\t\t\t\t<\/div>\n\t\t\t\t<\/div>\n\t\t\t\t\t<\/div>\n\t\t\t\t<\/div>\n\t\t<div class=\"elementor-element elementor-element-7e82cb7 e-flex e-con-boxed e-con e-parent\" data-id=\"7e82cb7\" data-element_type=\"container\" data-e-type=\"container\">\n\t\t\t\t\t<div class=\"e-con-inner\">\n\t\t\t\t<div class=\"elementor-element elementor-element-258abd5 elementor-widget elementor-widget-spacer\" data-id=\"258abd5\" data-element_type=\"widget\" data-e-type=\"widget\" data-widget_type=\"spacer.default\">\n\t\t\t\t<div class=\"elementor-widget-container\">\n\t\t\t\t\t\t\t<div class=\"elementor-spacer\">\n\t\t\t<div class=\"elementor-spacer-inner\"><\/div>\n\t\t<\/div>\n\t\t\t\t\t\t<\/div>\n\t\t\t\t<\/div>\n\t\t\t\t\t<\/div>\n\t\t\t\t<\/div>\n\t\t<div class=\"elementor-element elementor-element-3e8ca563 e-flex e-con-boxed elementor-invisible e-con e-parent\" data-id=\"3e8ca563\" data-element_type=\"container\" data-e-type=\"container\" data-settings=\"{&quot;animation&quot;:&quot;fadeInUp&quot;}\">\n\t\t\t\t\t<div class=\"e-con-inner\">\n\t\t<div class=\"elementor-element elementor-element-557a6c07 e-con-full e-flex e-con e-child\" data-id=\"557a6c07\" data-element_type=\"container\" data-e-type=\"container\" data-settings=\"{&quot;background_background&quot;:&quot;classic&quot;}\">\n\t\t\t\t<div class=\"elementor-element elementor-element-79f43691 elementor-widget__width-initial elementor-widget elementor-widget-heading\" data-id=\"79f43691\" data-element_type=\"widget\" data-e-type=\"widget\" data-widget_type=\"heading.default\">\n\t\t\t\t<div class=\"elementor-widget-container\">\n\t\t\t\t\t<h2 class=\"elementor-heading-title elementor-size-default\">Beratungsstelle Ravensburg<\/h2>\t\t\t\t<\/div>\n\t\t\t\t<\/div>\n\t\t\t\t<div class=\"elementor-element elementor-element-477f6492 elementor-widget elementor-widget-spacer\" data-id=\"477f6492\" data-element_type=\"widget\" data-e-type=\"widget\" data-widget_type=\"spacer.default\">\n\t\t\t\t<div class=\"elementor-widget-container\">\n\t\t\t\t\t\t\t<div class=\"elementor-spacer\">\n\t\t\t<div class=\"elementor-spacer-inner\"><\/div>\n\t\t<\/div>\n\t\t\t\t\t\t<\/div>\n\t\t\t\t<\/div>\n\t\t\t\t<div class=\"elementor-element elementor-element-4657ab09 elementor-widget elementor-widget-text-editor\" data-id=\"4657ab09\" data-element_type=\"widget\" data-e-type=\"widget\" data-widget_type=\"text-editor.default\">\n\t\t\t\t<div class=\"elementor-widget-container\">\n\t\t\t\t\t\t\t\t\t<p>Telefon: <span style=\"color: #7a7a7a;\"><a style=\"color: #7a7a7a;\" href=\"tel:07513978\">0751-3978<\/a><\/span><br \/>E-Mail: \u00a0<span style=\"color: #7a7a7a;\"><a style=\"color: #7a7a7a;\" href=\"mailto:kontakt@brennessel-rv.de\">kontakt@brennessel-rv.de<\/a><\/span><\/p>\t\t\t\t\t\t\t\t<\/div>\n\t\t\t\t<\/div>\n\t\t\t\t<div class=\"elementor-element elementor-element-7647a7db elementor-widget elementor-widget-text-editor\" data-id=\"7647a7db\" data-element_type=\"widget\" data-e-type=\"widget\" data-widget_type=\"text-editor.default\">\n\t\t\t\t<div class=\"elementor-widget-container\">\n\t\t\t\t\t\t\t\t\tSeestra\u00dfe 2, 88214 Ravensburg<br>\nTermine nach Absprache<br>Freitag nicht besetzt\t\t\t\t\t\t\t\t<\/div>\n\t\t\t\t<\/div>\n\t\t\t\t<div class=\"elementor-element elementor-element-13ce2f1e elementor-widget elementor-widget-button\" data-id=\"13ce2f1e\" data-element_type=\"widget\" data-e-type=\"widget\" data-widget_type=\"button.default\">\n\t\t\t\t<div class=\"elementor-widget-container\">\n\t\t\t\t\t\t\t\t\t<div class=\"elementor-button-wrapper\">\n\t\t\t\t\t<a class=\"elementor-button elementor-button-link elementor-size-sm\" href=\"https:\/\/onlineberatung.dgfpi.de\/#\/?c=4ddce02c-b27a-4530-beaa-51d123d4b3d5\">\n\t\t\t\t\t\t<span class=\"elementor-button-content-wrapper\">\n\t\t\t\t\t\t\t\t\t<span class=\"elementor-button-text\">Online-Beratung<\/span>\n\t\t\t\t\t<\/span>\n\t\t\t\t\t<\/a>\n\t\t\t\t<\/div>\n\t\t\t\t\t\t\t\t<\/div>\n\t\t\t\t<\/div>\n\t\t\t\t<\/div>\n\t\t<div class=\"elementor-element elementor-element-5cd87ed6 e-con-full e-flex e-con e-child\" data-id=\"5cd87ed6\" data-element_type=\"container\" data-e-type=\"container\" data-settings=\"{&quot;background_background&quot;:&quot;classic&quot;}\">\n\t\t\t\t<div class=\"elementor-element elementor-element-380d1aed elementor-widget elementor-widget-heading\" data-id=\"380d1aed\" data-element_type=\"widget\" data-e-type=\"widget\" data-widget_type=\"heading.default\">\n\t\t\t\t<div class=\"elementor-widget-container\">\n\t\t\t\t\t<h2 class=\"elementor-heading-title elementor-size-default\">Beratungsstelle Biberach<\/h2>\t\t\t\t<\/div>\n\t\t\t\t<\/div>\n\t\t\t\t<div class=\"elementor-element elementor-element-4ddbaeb4 elementor-widget elementor-widget-spacer\" data-id=\"4ddbaeb4\" data-element_type=\"widget\" data-e-type=\"widget\" data-widget_type=\"spacer.default\">\n\t\t\t\t<div class=\"elementor-widget-container\">\n\t\t\t\t\t\t\t<div class=\"elementor-spacer\">\n\t\t\t<div class=\"elementor-spacer-inner\"><\/div>\n\t\t<\/div>\n\t\t\t\t\t\t<\/div>\n\t\t\t\t<\/div>\n\t\t\t\t<div class=\"elementor-element elementor-element-3a0ee0b elementor-widget elementor-widget-text-editor\" data-id=\"3a0ee0b\" data-element_type=\"widget\" data-e-type=\"widget\" data-widget_type=\"text-editor.default\">\n\t\t\t\t<div class=\"elementor-widget-container\">\n\t\t\t\t\t\t\t\t\t<p>Telefon: <span style=\"color: #7a7a7a;\"><a style=\"color: #7a7a7a;\" href=\"tel:073513470350\">0751-3470350<\/a><\/span><br \/>E-Mail: \u00a0<span style=\"color: #7a7a7a;\"><a style=\"color: #7a7a7a;\" href=\"mailto:kontakt@brennessel-bc.de\">kontakt@brennessel-bc.de<\/a><\/span><\/p>\t\t\t\t\t\t\t\t<\/div>\n\t\t\t\t<\/div>\n\t\t\t\t<div class=\"elementor-element elementor-element-689e56d9 elementor-widget elementor-widget-text-editor\" data-id=\"689e56d9\" data-element_type=\"widget\" data-e-type=\"widget\" data-widget_type=\"text-editor.default\">\n\t\t\t\t<div class=\"elementor-widget-container\">\n\t\t\t\t\t\t\t\t\tSennhofgasse 7, 88400 Biberach<br>\nTermine nach Absprache<br>Freitag nicht besetzt\t\t\t\t\t\t\t\t<\/div>\n\t\t\t\t<\/div>\n\t\t\t\t<div class=\"elementor-element elementor-element-63bf0b57 elementor-widget elementor-widget-button\" data-id=\"63bf0b57\" data-element_type=\"widget\" data-e-type=\"widget\" data-widget_type=\"button.default\">\n\t\t\t\t<div class=\"elementor-widget-container\">\n\t\t\t\t\t\t\t\t\t<div class=\"elementor-button-wrapper\">\n\t\t\t\t\t<a class=\"elementor-button elementor-button-link elementor-size-sm\" href=\"https:\/\/onlineberatung.dgfpi.de\/#\/?c=fc020721-68e0-4f4c-a7d9-4f2f6453f5bf\">\n\t\t\t\t\t\t<span class=\"elementor-button-content-wrapper\">\n\t\t\t\t\t\t\t\t\t<span class=\"elementor-button-text\">Online-Beratung<\/span>\n\t\t\t\t\t<\/span>\n\t\t\t\t\t<\/a>\n\t\t\t\t<\/div>\n\t\t\t\t\t\t\t\t<\/div>\n\t\t\t\t<\/div>\n\t\t\t\t<\/div>\n\t\t\t\t\t<\/div>\n\t\t\t\t<\/div>\n\t\t<div class=\"elementor-element elementor-element-781d2ac e-flex e-con-boxed e-con e-parent\" data-id=\"781d2ac\" data-element_type=\"container\" data-e-type=\"container\">\n\t\t\t\t\t<div class=\"e-con-inner\">\n\t\t\t\t<div class=\"elementor-element elementor-element-b17def6 elementor-widget elementor-widget-spacer\" data-id=\"b17def6\" data-element_type=\"widget\" data-e-type=\"widget\" data-widget_type=\"spacer.default\">\n\t\t\t\t<div class=\"elementor-widget-container\">\n\t\t\t\t\t\t\t<div class=\"elementor-spacer\">\n\t\t\t<div class=\"elementor-spacer-inner\"><\/div>\n\t\t<\/div>\n\t\t\t\t\t\t<\/div>\n\t\t\t\t<\/div>\n\t\t\t\t\t<\/div>\n\t\t\t\t<\/div>\n\t\t<div class=\"elementor-element elementor-element-feb02e3 e-flex e-con-boxed e-con e-parent\" data-id=\"feb02e3\" data-element_type=\"container\" data-e-type=\"container\">\n\t\t\t\t\t<div class=\"e-con-inner\">\n\t\t<div class=\"elementor-element elementor-element-c61efc8 e-flex e-con-boxed e-con e-child\" data-id=\"c61efc8\" data-element_type=\"container\" data-e-type=\"container\">\n\t\t\t\t\t<div class=\"e-con-inner\">\n\t\t\t\t<div class=\"elementor-element elementor-element-2545db8 elementor-widget elementor-widget-image\" data-id=\"2545db8\" data-element_type=\"widget\" data-e-type=\"widget\" data-widget_type=\"image.default\">\n\t\t\t\t<div class=\"elementor-widget-container\">\n\t\t\t\t\t\t\t\t\t\t\t\t\t\t\t<img fetchpriority=\"high\" decoding=\"async\" width=\"613\" height=\"409\" src=\"https:\/\/brennessel-ravensburg.de\/wordpress\/wp-content\/uploads\/2024\/10\/Schule_02-h500-e1728566211988.jpg\" class=\"attachment-full size-full wp-image-2511\" alt=\"Gespraech\" srcset=\"https:\/\/brennessel-ravensburg.de\/wordpress\/wp-content\/uploads\/2024\/10\/Schule_02-h500-e1728566211988.jpg 613w, https:\/\/brennessel-ravensburg.de\/wordpress\/wp-content\/uploads\/2024\/10\/Schule_02-h500-e1728566211988-300x200.jpg 300w\" sizes=\"(max-width: 613px) 100vw, 613px\" \/>\t\t\t\t\t\t\t\t\t\t\t\t\t\t\t<\/div>\n\t\t\t\t<\/div>\n\t\t\t\t\t<\/div>\n\t\t\t\t<\/div>\n\t\t<div class=\"elementor-element elementor-element-488ed3c e-flex e-con-boxed e-con e-child\" data-id=\"488ed3c\" data-element_type=\"container\" data-e-type=\"container\">\n\t\t\t\t\t<div class=\"e-con-inner\">\n\t\t\t\t<div class=\"elementor-element elementor-element-b42f54a elementor-widget elementor-widget-image\" data-id=\"b42f54a\" data-element_type=\"widget\" data-e-type=\"widget\" data-widget_type=\"image.default\">\n\t\t\t\t<div class=\"elementor-widget-container\">\n\t\t\t\t\t\t\t\t\t\t\t\t\t\t\t<img decoding=\"async\" width=\"1080\" height=\"702\" src=\"https:\/\/brennessel-ravensburg.de\/wordpress\/wp-content\/uploads\/2024\/10\/csm_telefonische_hilfe_01_718db4fff5-b1080.jpg\" class=\"attachment-full size-full wp-image-2731\" alt=\"\" srcset=\"https:\/\/brennessel-ravensburg.de\/wordpress\/wp-content\/uploads\/2024\/10\/csm_telefonische_hilfe_01_718db4fff5-b1080.jpg 1080w, https:\/\/brennessel-ravensburg.de\/wordpress\/wp-content\/uploads\/2024\/10\/csm_telefonische_hilfe_01_718db4fff5-b1080-300x195.jpg 300w, https:\/\/brennessel-ravensburg.de\/wordpress\/wp-content\/uploads\/2024\/10\/csm_telefonische_hilfe_01_718db4fff5-b1080-1024x666.jpg 1024w, https:\/\/brennessel-ravensburg.de\/wordpress\/wp-content\/uploads\/2024\/10\/csm_telefonische_hilfe_01_718db4fff5-b1080-768x499.jpg 768w\" sizes=\"(max-width: 1080px) 100vw, 1080px\" \/>\t\t\t\t\t\t\t\t\t\t\t\t\t\t\t<\/div>\n\t\t\t\t<\/div>\n\t\t\t\t\t<\/div>\n\t\t\t\t<\/div>\n\t\t\t\t\t<\/div>\n\t\t\t\t<\/div>\n\t\t<div class=\"elementor-element elementor-element-6d5d146 e-flex e-con-boxed e-con e-parent\" data-id=\"6d5d146\" data-element_type=\"container\" data-e-type=\"container\">\n\t\t\t\t\t<div class=\"e-con-inner\">\n\t\t\t\t<div class=\"elementor-element elementor-element-6207d34 elementor-widget elementor-widget-spacer\" data-id=\"6207d34\" data-element_type=\"widget\" data-e-type=\"widget\" data-widget_type=\"spacer.default\">\n\t\t\t\t<div class=\"elementor-widget-container\">\n\t\t\t\t\t\t\t<div class=\"elementor-spacer\">\n\t\t\t<div class=\"elementor-spacer-inner\"><\/div>\n\t\t<\/div>\n\t\t\t\t\t\t<\/div>\n\t\t\t\t<\/div>\n\t\t\t\t\t<\/div>\n\t\t\t\t<\/div>\n\t\t\t\t<\/div>\n\t\t","protected":false},"excerpt":{"rendered":"<p>Fachkr\u00e4fte Fachkr\u00e4fte, die sich Sorgen machen Unsicherheit ist h\u00e4ufig ein pr\u00e4gendes Gef\u00fchl bei p\u00e4dagogischen Fachkr\u00e4ften oder Ehrenamtlichen, wenn es um [&hellip;]<\/p>\n","protected":false},"author":2,"featured_media":0,"parent":0,"menu_order":0,"comment_status":"closed","ping_status":"closed","template":"","meta":{"site-sidebar-layout":"no-sidebar","site-content-layout":"","ast-site-content-layout":"full-width-container","site-content-style":"default","site-sidebar-style":"default","ast-global-header-display":"","ast-banner-title-visibility":"","ast-main-header-display":"","ast-hfb-above-header-display":"","ast-hfb-below-header-display":"","ast-hfb-mobile-header-display":"","site-post-title":"disabled","ast-breadcrumbs-content":"","ast-featured-img":"disabled","footer-sml-layout":"","ast-disable-related-posts":"","theme-transparent-header-meta":"","adv-header-id-meta":"","stick-header-meta":"","header-above-stick-meta":"","header-main-stick-meta":"","header-below-stick-meta":"","astra-migrate-meta-layouts":"default","ast-page-background-enabled":"default","ast-page-background-meta":{"desktop":{"background-color":"var(--ast-global-color-4)","background-image":"","background-repeat":"repeat","background-position":"center center","background-size":"auto","background-attachment":"scroll","background-type":"","background-media":"","overlay-type":"","overlay-color":"","overlay-opacity":"","overlay-gradient":""},"tablet":{"background-color":"","background-image":"","background-repeat":"repeat","background-position":"center center","background-size":"auto","background-attachment":"scroll","background-type":"","background-media":"","overlay-type":"","overlay-color":"","overlay-opacity":"","overlay-gradient":""},"mobile":{"background-color":"","background-image":"","background-repeat":"repeat","background-position":"center center","background-size":"auto","background-attachment":"scroll","background-type":"","background-media":"","overlay-type":"","overlay-color":"","overlay-opacity":"","overlay-gradient":""}},"ast-content-background-meta":{"desktop":{"background-color":"var(--ast-global-color-5)","background-image":"","background-repeat":"repeat","background-position":"center center","background-size":"auto","background-attachment":"scroll","background-type":"","background-media":"","overlay-type":"","overlay-color":"","overlay-opacity":"","overlay-gradient":""},"tablet":{"background-color":"var(--ast-global-color-5)","background-image":"","background-repeat":"repeat","background-position":"center center","background-size":"auto","background-attachment":"scroll","background-type":"","background-media":"","overlay-type":"","overlay-color":"","overlay-opacity":"","overlay-gradient":""},"mobile":{"background-color":"var(--ast-global-color-5)","background-image":"","background-repeat":"repeat","background-position":"center center","background-size":"auto","background-attachment":"scroll","background-type":"","background-media":"","overlay-type":"","overlay-color":"","overlay-opacity":"","overlay-gradient":""}},"footnotes":""},"class_list":["post-18","page","type-page","status-publish","hentry"],"_links":{"self":[{"href":"https:\/\/brennessel-ravensburg.de\/wordpress\/wp-json\/wp\/v2\/pages\/18","targetHints":{"allow":["GET"]}}],"collection":[{"href":"https:\/\/brennessel-ravensburg.de\/wordpress\/wp-json\/wp\/v2\/pages"}],"about":[{"href":"https:\/\/brennessel-ravensburg.de\/wordpress\/wp-json\/wp\/v2\/types\/page"}],"author":[{"embeddable":true,"href":"https:\/\/brennessel-ravensburg.de\/wordpress\/wp-json\/wp\/v2\/users\/2"}],"replies":[{"embeddable":true,"href":"https:\/\/brennessel-ravensburg.de\/wordpress\/wp-json\/wp\/v2\/comments?post=18"}],"version-history":[{"count":139,"href":"https:\/\/brennessel-ravensburg.de\/wordpress\/wp-json\/wp\/v2\/pages\/18\/revisions"}],"predecessor-version":[{"id":4178,"href":"https:\/\/brennessel-ravensburg.de\/wordpress\/wp-json\/wp\/v2\/pages\/18\/revisions\/4178"}],"wp:attachment":[{"href":"https:\/\/brennessel-ravensburg.de\/wordpress\/wp-json\/wp\/v2\/media?parent=18"}],"curies":[{"name":"wp","href":"https:\/\/api.w.org\/{rel}","templated":true}]}}